{"id":1518,"date":"2013-02-10T00:45:26","date_gmt":"2013-02-09T22:45:26","guid":{"rendered":"http:\/\/www.pofajrancie.pl\/?page_id=1518"},"modified":"2018-04-21T23:27:55","modified_gmt":"2018-04-21T21:27:55","slug":"goscinnie","status":"publish","type":"page","link":"http:\/\/www.pofajrancie.pl\/?page_id=1518","title":{"rendered":"Go\u015bcinnie&#8230;"},"content":{"rendered":"<p><strong>&#8222;Ka\u017cdy ma jakiego\u015b bzika, ka\u017cdy jakie\u015b hobby ma&#8230;&#8221;<br \/>\nAle nie ka\u017cdy ma stron\u0119 internetow\u0105 \ud83d\ude42<\/p>\n<p>Tak wi\u0119c &#8211; go\u015bcinnie, tak\u017ce po fajrancie \ud83d\ude42<\/strong><div class='lg_gallery '>\n\n<script type='text\/javascript'>var lazyest_virtual = { root: '' };<\/script>\n<div class=\"top_navigator\"> Now viewing:  <a href=\"http:\/\/www.pofajrancie.pl\">Po fajrancie...<\/a> <span class=\"raquo\">&raquo;<\/span> <a href=\"http:\/\/www.pofajrancie.pl\/index.php?rest_route=%2Fwp%2Fv2%2Fpages%2F1518\">Go\u015bcinnie&#8230;<\/a><\/div>\n<\/div>\n<\/p>\n","protected":false},"excerpt":{"rendered":"<p>&#8222;Ka\u017cdy ma jakiego\u015b bzika, ka\u017cdy jakie\u015b hobby ma&#8230;&#8221; Ale nie ka\u017cdy ma stron\u0119 internetow\u0105 \ud83d\ude42 Tak wi\u0119c &#8211; go\u015bcinnie, tak\u017ce po fajrancie \ud83d\ude42<\/p>\n","protected":false},"author":1,"featured_media":0,"parent":0,"menu_order":5,"comment_status":"open","ping_status":"open","template":"","meta":{"spay_email":""},"jetpack_sharing_enabled":true,"jetpack_shortlink":"https:\/\/wp.me\/P9tkTF-ou","jetpack_likes_enabled":true,"jetpack-related-posts":[],"_links":{"self":[{"href":"http:\/\/www.pofajrancie.pl\/index.php?rest_route=\/wp\/v2\/pages\/1518"}],"collection":[{"href":"http:\/\/www.pofajrancie.pl\/index.php?rest_route=\/wp\/v2\/pages"}],"about":[{"href":"http:\/\/www.pofajrancie.pl\/index.php?rest_route=\/wp\/v2\/types\/page"}],"author":[{"embeddable":true,"href":"http:\/\/www.pofajrancie.pl\/index.php?rest_route=\/wp\/v2\/users\/1"}],"replies":[{"embeddable":true,"href":"http:\/\/www.pofajrancie.pl\/index.php?rest_route=%2Fwp%2Fv2%2Fcomments&post=1518"}],"version-history":[{"count":3,"href":"http:\/\/www.pofajrancie.pl\/index.php?rest_route=\/wp\/v2\/pages\/1518\/revisions"}],"predecessor-version":[{"id":3037,"href":"http:\/\/www.pofajrancie.pl\/index.php?rest_route=\/wp\/v2\/pages\/1518\/revisions\/3037"}],"wp:attachment":[{"href":"http:\/\/www.pofajrancie.pl\/index.php?rest_route=%2Fwp%2Fv2%2Fmedia&parent=1518"}],"curies":[{"name":"wp","href":"https:\/\/api.w.org\/{rel}","templated":true}]}}