{"id":1521,"date":"2013-02-10T01:02:00","date_gmt":"2013-02-09T23:02:00","guid":{"rendered":"http:\/\/www.pofajrancie.pl\/?page_id=1521"},"modified":"2020-12-22T19:58:59","modified_gmt":"2020-12-22T17:58:59","slug":"jesien","status":"publish","type":"page","link":"http:\/\/www.pofajrancie.pl\/?page_id=1521","title":{"rendered":"Jesie\u0144&#8230;"},"content":{"rendered":"<h4>Jesienne bukiety<\/h4>\n<p style=\"text-align: justify;\">Gdy \u2013 pisz\u0105c te s\u0142owa wygl\u0105dam za okno to widz\u0119 tam typowy zimowy krajobraz&#8230; i nie jest to zdecydowanie widok, kt\u00f3ry najbardziej sobie ceni\u0119.<\/p>\n<p style=\"text-align: justify;\">A najbardziej ceni\u0105 sobie jesie\u0144&#8230; wrzesie\u0144&#8230; taki kolorowy, ciep\u0142y ostatnim tchnieniem lata&#8230; Li\u015bcie zasypuj\u0105ce alejki w parku, drzewa w r\u00f3\u017cnych odcieniach czerwieni, \u017c\u00f3\u0142ci, br\u0105zu i z\u0142ota&#8230;<\/p>\n<p style=\"text-align: justify;\">Wi\u0119c kiedy za oknem mam takie widoki jak teraz a zat\u0119skni\u0119 do jesieni to patrz\u0119 na bukiet kwiat\u00f3w wykonany przez moj\u0105 Siostr\u0119 \u2013 powsta\u0142 on w\u0142a\u015bnie z jesiennych li\u015bci.<\/p>\n<p style=\"text-align: center;\">[nggallery id=8]<\/p>\n<p style=\"text-align: justify;\">Pokazane na zdj\u0119ciach bukiety s\u0105 wykonane w ca\u0142o\u015bci r\u0119cznie z r\u00f3\u017cnych jesiennych li\u015bci. Ka\u017cdy z nich jest niepowtarzalny &#8211; jedyny w swoim rodzaju. Tworzenie to \u017cmudna koronkowa praca &#8211; li\u015bcie trzeba odpowiednio przygotowa\u0107, posk\u0142ada\u0107, pozwija\u0107&#8230; mnie z pewno\u015bci\u0105 po jednym kwiatku przesta\u0142oby si\u0119 chcie\u0107&#8230; chcie\u0107 \ud83d\ude42<\/p>\n<p>&nbsp;<\/p>\n<p>______________________________________________________________________________________________________<\/p>\n<p>&nbsp;<\/p>\n<p>&nbsp;<\/p>\n<p>&nbsp;<\/p>\n<p>&nbsp;<\/p>\n","protected":false},"excerpt":{"rendered":"<p>Jesienne bukiety Gdy \u2013 pisz\u0105c te s\u0142owa wygl\u0105dam za okno to widz\u0119 tam typowy zimowy krajobraz&#8230; i nie jest to zdecydowanie widok, kt\u00f3ry najbardziej sobie ceni\u0119. A najbardziej ceni\u0105 sobie jesie\u0144&#8230; wrzesie\u0144&#8230; taki kolorowy, ciep\u0142y ostatnim tchnieniem lata&#8230; Li\u015bcie zasypuj\u0105ce alejki w parku, drzewa w r\u00f3\u017cnych odcieniach czerwieni, \u017c\u00f3\u0142ci, br\u0105zu i z\u0142ota&#8230; Wi\u0119c kiedy za [&hellip;]<\/p>\n","protected":false},"author":1,"featured_media":0,"parent":1518,"menu_order":1,"comment_status":"open","ping_status":"closed","template":"","meta":{"spay_email":""},"jetpack_sharing_enabled":true,"jetpack_shortlink":"https:\/\/wp.me\/P9tkTF-ox","jetpack_likes_enabled":true,"jetpack-related-posts":[],"_links":{"self":[{"href":"http:\/\/www.pofajrancie.pl\/index.php?rest_route=\/wp\/v2\/pages\/1521"}],"collection":[{"href":"http:\/\/www.pofajrancie.pl\/index.php?rest_route=\/wp\/v2\/pages"}],"about":[{"href":"http:\/\/www.pofajrancie.pl\/index.php?rest_route=\/wp\/v2\/types\/page"}],"author":[{"embeddable":true,"href":"http:\/\/www.pofajrancie.pl\/index.php?rest_route=\/wp\/v2\/users\/1"}],"replies":[{"embeddable":true,"href":"http:\/\/www.pofajrancie.pl\/index.php?rest_route=%2Fwp%2Fv2%2Fcomments&post=1521"}],"version-history":[{"count":13,"href":"http:\/\/www.pofajrancie.pl\/index.php?rest_route=\/wp\/v2\/pages\/1521\/revisions"}],"predecessor-version":[{"id":3388,"href":"http:\/\/www.pofajrancie.pl\/index.php?rest_route=\/wp\/v2\/pages\/1521\/revisions\/3388"}],"up":[{"embeddable":true,"href":"http:\/\/www.pofajrancie.pl\/index.php?rest_route=\/wp\/v2\/pages\/1518"}],"wp:attachment":[{"href":"http:\/\/www.pofajrancie.pl\/index.php?rest_route=%2Fwp%2Fv2%2Fmedia&parent=1521"}],"curies":[{"name":"wp","href":"https:\/\/api.w.org\/{rel}","templated":true}]}}